{"id":3,"date":"2021-02-09T16:22:16","date_gmt":"2021-02-09T16:22:16","guid":{"rendered":"https:\/\/sviluppo.anteo.to\/?page_id=3"},"modified":"2021-03-30T11:40:48","modified_gmt":"2021-03-30T11:40:48","slug":"privacy-policy","status":"publish","type":"page","link":"https:\/\/sviluppo.anteo.to\/index.php\/privacy-policy\/","title":{"rendered":"Cookie Policy"},"content":{"rendered":"\n<h2>Cookie Policy<\/h2>\n\n\n\n<p><br><br>(Ultimo aggiornamento: 17 ottobre 2017)<br><br>La presente &#8220;Cookie Policy&#8221; (la nostra politica relativa all\u2019uso di cookie) viene applicata su tutti i siti Internet, comprese le pagine su piattaforme di terze parti (ad esempio, Facebook o YouTube), e alle applicazioni a cui si fa accesso o che vengono utilizzate attraverso tali siti internet o piattaforme di terze parti che siano condotte da o per conto di ANTEO P.IVA 02344320227 &#8211; Piazza Manifattura, 1 38068 ROVERETO (TN) .<br><\/p>\n\n\n\n<h2>COOKIES PRIVACY POLICY (D.LGS. 196\/2003 \u2013 CODICE IN MATERIA DI PROTEZIONE DEI DATI PERSONALI)<\/h2>\n\n\n\n<p>Il presente sito web (nel seguito Sito) utilizza cookie e tecnologie simili per garantire il corretto funzionamento delle procedure e migliorare l\u2019esperienza d\u2019uso del Sito stesso. Il presente documento, Cookies Privacy Policy del Sito (nel seguito Policy), fornisce informazioni dettagliate sull\u2019uso dei cookie e di tecnologie similari, su come sono utilizzati dal Sito e su come gestirli. La presente Policy deve essere letta insieme alla Privacy Policy consultabile all\u2019interno di questo Sito che definisce il titolare, ex art. 28 d.lgs. 196\/03, (nel seguito Titolare) del trattamento dei Dati Personali.<\/p>\n\n\n\n<p><strong>Definizioni Generali<br><\/strong><br><strong>Utente<\/strong>: L&#8217;individuo che utilizza questo Sito, che deve coincidere con l&#8217;Interessato o essere da questo autorizzato e di cui Dati Personali sono oggetto del trattamento.<br>Dati Personali (o Dati): Costituisce dato personale qualunque informazione relativa a persona fisica, identificata o identificabile, anche indirettamente, mediante riferimento a qualsiasi altra informazione, ivi compreso un numero di identificazione personale.<br><strong>Dati di Utilizzo<\/strong>: Sono i dati personali raccolti in maniera automatica dal Sito (o dalle applicazioni di parti terze che lo stesso utilizza), tra i quali: gli indirizzi IP o i nomi a dominio dei computer utilizzati dall&#8217;Utente che si connette al Sito, gli indirizzi in notazione URI (Uniform Resource Identifier), l&#8217;orario della richiesta, il metodo utilizzato nel sottoporre la richiesta al server, la dimensione del file ottenuto in risposta, il codice numerico indicante lo stato della risposta dal server (buon fine, errore, ecc.), il Paese di provenienza, le caratteristiche del browser e del sistema operativo utilizzati dal visitatore, le varie connotazioni temporali della visita (ad esempio il tempo di permanenza su ciascuna pagina) e i dettagli relativi all&#8217;itinerario seguito all&#8217;interno del Sito, con particolare riferimento alla sequenza delle pagine consultate, ai parametri relativi al sistema operativo e all&#8217;ambiente informatico dell&#8217;Utente.<br><strong>Interessato<\/strong>. La persona fisica o giuridica cui si riferiscono i Dati Personali.<br><strong>Responsabile del Trattamento<\/strong>&nbsp;(o Responsabile): La persona fisica, giuridica, la pubblica amministrazione e qualsiasi altro ente, associazione od organismo preposti dal Titolare al trattamento dei Dati Personali, secondo quanto predisposto dalla presente Privacy Policy.<br><strong>Titolare del Trattamento<\/strong>&nbsp;(o Titolare): La persona fisica, giuridica, la pubblica amministrazione e qualsiasi altro ente, associazione od organismo cui competono, anche unitamente ad altro titolare, le decisioni in ordine alle finalit\u00e0, alle modalit\u00e0 del trattamento di dati personali ed agli strumenti utilizzati, ivi compreso il profilo della sicurezza, in relazione al funzionamento e alla fruizione di questo spazio online.<br>Sito: Lo strumento hardware o software mediante il quale sono raccolti i Dati Personali degli Utenti.<\/p>\n\n\n\n<p><strong>Riferimenti legali<br><\/strong><br>La presente Policy \u00e8 redatta in adempimento degli obblighi previsti dall&#8217;Art. 10 della Direttiva n. 95\/46\/CE, nonch\u00e9 a quanto previsto dalla Direttiva 2002\/58\/CE, come aggiornata dalla Direttiva 2009\/136\/CE, in materia di Cookie.<\/p>\n\n\n\n<p><strong>Definizione di Cookie<br><\/strong><br>I cookies sono brevi frammenti di testo (lettere e\/o numeri) che permettono al server web di memorizzare sul client (il browser) informazioni da riutilizzare nel corso della medesima visita al sito (cookies di sessione) o in seguito, anche a distanza di giorni (cookies persistenti). I cookies vengono memorizzati, in base alle preferenze dell\u2019Utente, dal singolo browser sullo specifico dispositivo utilizzato (computer, tablet, smartphone). Tecnologie similari, come, ad esempio le GIF trasparenti e tutte le forme di storage locale introdotte con HTML5, sono utilizzabili per raccogliere informazioni sul comportamento dell\u2019utente e sull\u2019utilizzo dei servizi. Tra queste tecnologie troviamo anche i:<\/p>\n\n\n\n<ul><li>Web beacon:detti anche \u201ctracking pixel,\u201d \u201cgif 1\u00d71,\u201d \u201cgif a pixel singolo,\u201d \u201cpixel tag,\u201d o \u201caction tag\u201d sono delle immagini grafiche, che in genere non superano le dimensioni di 1 pixel x 1 pixel che vengono utilizzate con lo scopo di raccogliere informazioni anonime sulle modalit\u00e0 di utilizzo degli utenti e per offrire contenuti personalizzati. Permettono inoltre di identificare i tipi di browser, le parole inserite nei motori di ricerca dai visitatori per raggiungere il sito e i nomi dei domini dei siti che dirottano il traffico verso il sito. I web beacon presenti nelle comunicazioni e-mail e consentono di sapere se un utente ha ricevuto, aperto o cliccato a dei collegamenti forniti con la e-mail ricevuta.<\/li><li>Cookies Flash o Local shared objects (LSOs): i siti web possono utilizzare dei contenuti Flash, esposti nelle loro pagine per memorizzare alcune informazioni sul dispositivo. Come per i cookie HTTP, gli LSO possono essere utilizzati dai siti web per raccogliere informazioni sui percorsi intrapresi dagli internauti in merito alla navigazione fra i siti web. Le banche online o gli inserzionisti possono utilizzare LSO per scopi di monitoraggio.<\/li><\/ul>\n\n\n\n<p>I cookie e le tecnologie assimilabili sopra descritte saranno indicate nel seguito con Cookie.<\/p>\n\n\n\n<p><strong>Tipologie di Cookie<\/strong><br>In base alle caratteristiche ed al loro utilizzo i cookie possono essere distinti per:<br>Durata: il tempo per cui il Cookie resta valido sul computer dell\u2019utente:<br>a. Cookie di sessione o temporanei, che si limitano ad \u201cesistere\u201d per tutta la durata della sessione d\u2019uso dell\u2019utente. Quando viene chiuso il browser o all\u2019esecuzione del comando di logout, i cookies di sessione scadono. Questi sono in genere utilizzati per identificare l\u2019Utente quando accede ad un sito, per ricordargli le sue preferenze nel passaggio fra le pagine del sito, per fornirgli informazioni specifiche raccolte in precedenza. L\u2019esempio pi\u00f9 comune di questa funzionalit\u00e0 \u00e8 il carrello di un sito di e-commerce. Per esempio, quando si visita una pagina di un catalogo e si selezionano alcune voci, il cookie di sessione ricorda la selezione in modo che in un carrello di spesa virtuale, gli elementi rimangano selezionati quando si \u00e8 pronti per l\u2019operazione di checkout. Senza di cookie di sessione, se l\u2019utente facesse click su checkout, la nuova pagina non potrebbe riconosce le attivit\u00e0 svolte nelle pagine precedenti ed il carrello resterebbe sempre vuoto.<br>b.Cookie persistenti che rimangono attivi anche dopo la chiusura del browser e aiutano i siti a ricordare i dati e le impostazioni utente per una successiva consultazione. Durante la visita, si selezionano le preferenze e queste saranno ricordate attraverso l\u2019uso del cookie persistente durante le visite successive al sito. Tra le impostazioni persistenti ci sono: la selezione della lingua e del tema, le preferenze del menu, i segnalibri, i preferiti e molti altri. Alla prima visita, nel sito web le informazioni vengono presentate in modalit\u00e0 predefinita. La loro durata \u00e8 fissata dal server al momento della loro creazione. In alcuni casi \u00e8 fissata una scadenza, in altri casi la durata \u00e8 illimitata.<br>Funzione: lo scopo per cui vengono generati e usati i cookie<br>a. Cookie tecnici che permettono lo svolgimento di attivit\u00e0 strettamente legate al funzionamento del Sito. Tali Cookie non necessitano del preventivo consenso dell&#8217;Utente per essere installati ed utilizzati. ICookie tecnici possono essere suddivisi nelle seguenti sottocategorie:<br>i. di navigazione, per mezzo dei quali si possono salvare le preferenze di navigazione ed ottimizzare l&#8217;esperienza di navigazione dell&#8217;Utente;<br>ii. di funzionalit\u00e0, utilizzati per attivare specifiche funzionalit\u00e0 del Sito e necessari ad erogare il servizio o migliorarlo, come ad esempio informare l\u2019utente dell\u2019ultimo accesso effettuato. Non vengono mai utilizzati per scopi diversi da quelli descritti e talvolta risultano strettamente necessari a funzionalit\u00e0\/servizi che il Titolare ha implementato sul sito, come l\u2019accesso ad aree riservate.<br>iii. di analisi, per mezzo dei quali si acquisiscono informazioni statistiche in merito alle modalit\u00e0 di navigazione degli Utenti. Tali informazioni sono trattate in forma aggregata ed anonima. Questi cookie, pur senza identificare l\u2019Utente, consentono, per esempio, di rilevare se il medesimo utente torna a collegarsi in momenti diversi, quali sono le pagine pi\u00f9 visitate, quali browser utilizza per navigare in Internet oppure il formato dello schermo utilizzato. Permettono inoltre di monitorare il sistema e migliorarne le prestazioni e l\u2019usabilit\u00e0. La disattivazione di tali cookie pu\u00f2 essere eseguita senza alcuna perdita di funzionalit\u00e0. Ad esempio, Google Analytics, un servizio di analisi del traffico web fornito da Google, Inc. (\u201cGoogle\u201d), genera cookie di terze parti raccolti e gestiti in modo anonimo per monitorare e migliorare le prestazioni del sito ospite (performance cookie).<br>b.Cookie di profilazione utilizzati per identificare (in modo anonimo e non) le preferenze dell\u2019utente e migliorare la sua esperienza di navigazione e potenzialmente offrirgli offerte commerciali. Tali Cookienecessitano del preventivo consenso dell&#8217;Utente per essere installati ed utilizzati.<br>\uf0b7Titolarit\u00e0: chi genera ed utilizza i Cookie<br>a. Cookie proprietari generati e ricevuti direttamente dal Sito e utilizzati laddove necessario dal suo Titolare.<br>b.Cookie di terze parti generati e ricevuti da siti gestiti da altre organizzazioni. Un esempio notevole \u00e8 rappresentato dalla presenza dei \u201csocial plugin\u201d come Facebook, Twitter, Google+ e LinkedIn. Si tratta di Cookie generati direttamente dai suddetti siti ed integrati nella pagina del Sito ospitante. L\u2019utilizzo pi\u00f9 comune dei social plugin \u00e8 finalizzato alla condivisione dei contenuti sui social network. La presenza di questi plugin comporta la trasmissione di cookie da e verso tutti i siti gestiti da terze parti.<br><strong>Gestione dei cookie<\/strong><br>L\u2019Utente pu\u00f2 decidere se accettare o meno i Cookie utilizzando le impostazioni del proprio browser. L\u2019impostazione pu\u00f2 essere definita in modo specifico per i diversi siti e applicazioni web. Inoltre i migliori browser consentono di definire impostazioni diverse per i cookie Proprietari e per quelli di Terze Parti.<br>A titolo di esempio, in Firefox, attraverso il menu Strumenti-&gt;Opzioni -&gt;Privacy, \u00e8 possibile accedere ad un pannello di controllo dove \u00e8 possibile definire se accettare o meno i diversi tipi di cookie e procedere alla loro rimozione. Di seguito vengono forniti link che informano l\u2019Utente su come disabilitare i Cookie per i browser pi\u00f9 utilizzati<br>1. Chrome:&nbsp;<a href=\"https:\/\/support.google.com\/chrome\/answer\/95647?hl=it\" target=\"_blank\" rel=\"noreferrer noopener\">https:\/\/support.google.com\/chrome\/answer\/95647?hl=it<\/a><br>2. Firefox:&nbsp;<a href=\"https:\/\/support.mozilla.org\/it\/kb\/Gestione%20dei%20cookie\" target=\"_blank\" rel=\"noreferrer noopener\">https:\/\/support.mozilla.org\/it\/kb\/Gestione%20dei%20cookie<\/a><br>3. Internet Explorer:&nbsp;<a href=\"http:\/\/windows.microsoft.com\/it-it\/windows7\/how-to-manage-cookies-in-internet-explorer-9\" target=\"_blank\" rel=\"noreferrer noopener\">http:\/\/windows.microsoft.com\/it-it\/windows7\/how-to-manage-cookies-in-internet-explorer-9<\/a><br>4. Opera:&nbsp;<a href=\"http:\/\/help.opera.com\/Windows\/10.00\/it\/cookies.html\" target=\"_blank\" rel=\"noreferrer noopener\">http:\/\/help.opera.com\/Windows\/10.00\/it\/cookies.html<\/a><br>5. Safari:&nbsp;<a href=\"http:\/\/support.apple.com\/kb\/HT1677?viewlocale=it_IT\" target=\"_blank\" rel=\"noreferrer noopener\">http:\/\/support.apple.com\/kb\/HT1677?viewlocale=it_IT<\/a><br>Per quanto riguarda i Cookies Flash, Adobe non fornisce direttamente uno strumento per personalizzare le impostazioni di Flash Player connesse alla gestione dei cookies. Per accedere alle varie regolazioni offerte \u00e8 invece necessario accedere ad una qualsiasi pagina web contenente la applicazione flash realizzata, farvi click con il tasto destro del mouse, scegliere l\u2019opzione Impostazioni globali quindi cliccare sul link Pannello impostazioni generali della privacy. In alternativa, \u00e8 possibile visitare direttamente la pagina:&nbsp;<a href=\"http:\/\/www.macromedia.com\/support\/documentation\/en\/flashplayer\/help\/settings_manager07.html\" target=\"_blank\" rel=\"noreferrer noopener\">http:\/\/www.macromedia.com\/support\/documentation\/en\/flashplayer\/help\/settings_manager07.html<\/a>&nbsp;.<br>E\u2019 bene ricordare che se si eliminano i Cookies Flash o se ne si disattiva completamente la memorizzazione, alcuni siti web potrebbero non operare pi\u00f9 nel modo atteso. I Cookies Flash possono essere impiegati, ad esempio, per forzare una nuova creazione di un cookie HTTP tradizionale contenente le informazioni che esso ospitava precedentemente.<br>Dal momento che l&#8217;installazione di Cookie e di altri sistemi di tracciamento operata da terze parti tramite i servizi utilizzati all&#8217;interno del Sito non pu\u00f2 essere tecnicamente controllata dal Titolare, ogni riferimento specifico a Cookie di terze parti \u00e8 da considerarsi indicativo. Per ottenere informazioni complete, si invita a consultare la privacy policy degli eventuali servizi terzi elencati in questo documento.<br>Vista l&#8217;oggettiva complessit\u00e0 legata all&#8217;identificazione delle tecnologie basate sui Cookie ed alla loro integrazione molto stretta con il funzionamento del web, l&#8217;Utente \u00e8 invitato a contattare il Titolare qualora volesse ricevere qualunque approfondimento relativo all&#8217;utilizzo dei Cookie stessi e ad eventuali utilizzi degli stessi &#8211; ad esempio ad opera di terzi &#8211; effettuati tramite il Sito.<br>Fermo restando quanto precede, il Titolare informa che l&#8217;Utente pu\u00f2 avvalersi di Your Online Choices. Attraverso tale servizio, esterno e non collegato in nessun modo al Sito ed al Titolare, \u00e8 possibile gestire le preferenze di tracciamento della maggior parte degli strumenti pubblicitari. Il Titolare, pertanto, consiglia agli Utenti di utilizzare tale risorsa in aggiunta alle informazioni fornite dal presente documento.<br><strong>Potenziali utilizzi dannosi dei Cookie<\/strong><br>I cookies non sono virus, sono solo file di testo che non vengono n\u00e9 interpretati dal browser n\u00e9 eseguiti in memoria. Di conseguenza, non possono duplicarsi o diffondersi in altre reti per essere replicati di nuovo. Poich\u00e9 non possono svolgere queste funzioni, non rientrano nella definizione standard di virus. I cookies per\u00f2 possono essere usati per scopi dannosi. Dal momento che grazie ad essi vengono memorizzate informazioni sulle preferenze, la storia delle azioni di un utente, la navigazione specifica tra pi\u00f9 siti, i cookies possono essere utilizzati per agire come una forma di spyware. Molti prodotti anti-spyware sono ben consapevoli di questo problema e di routine segnalano i cookies come possibili minacce.<br>Poich\u00e9 i cookies vengono trasmessi tra browser e sito web, un utente malintenzionato o una persona non autorizzata potrebbe intercettare la trasmissione dati e le informazioni relative ai cookies. Anche se relativamente raro, questo fatto pu\u00f2 accadere se il browser si connette al sito utilizzando per esempio una rete WI-FI non protetta. Altri attacchi basati sui cookies coinvolgono le impostazione dei server. Se un sito web non richiede al browser di utilizzare solo connessioni criptate (es. https), malintenzionati possono sfruttare questa vulnerabilit\u00e0 per ingannare i visitatori inviando loro informazioni personali attraverso canali non sicuri. Gli aggressori poi dirottano i dati personali per finalit\u00e0 di trattamento non autorizzate.<br>Attenzione: la disabilitazione totale o parziale dei cookie tecnici pu\u00f2 compromettere l\u2019utilizzo delle funzionalit\u00e0 del Sito riservate agli utenti registrati. Al contrario, la fruibilit\u00e0 dei contenuti pubblici \u00e8 possibile anche disabilitando completamente i cookie tecnici. La disabilitazione dei cookie di terza parti non pregiudica in alcun modo la navigabilit\u00e0.<br><strong>Utilizzo da parte di minori<\/strong><br>Gli Utenti dichiarano di essere maggiorenni secondo la legislazione loro applicabile. I minorenni possono utilizzare questo spazio online solo con l&#8217;assistenza di un genitore o di un tutore.<br><strong>Cookies usati dal Sito<\/strong><br>In linea con le pratiche standard di molti siti web, il Sito potrebbe installare Cookie sul computer utilizzato dall\u2019utente e daccedere a cookie, web beacon, Flash cookie ed altre tecnologie. Il Sito usa solo Cookie Tecnici che possono essere propri o di Terze Parti. Tuttavia, navigando sulle pagine del Sito, si pu\u00f2 interagire con siti gestiti da terze parti che possono creare o modificare cookie permanenti e di profilazione.<br>Di seguito \u00e8 riportato l\u2019elenco di Cookie Proprietari che il Sito potr\u00e0 archiviare sul computer dell\u2019utente:<br>Nome =&nbsp;PHPSESSID<br>Tipo =&nbsp;Tecnico<br>Durata =&nbsp;Sessione<br>Dominio =&nbsp;questo dominio<br>Scopo &nbsp;= Gestire la memorizzazione della sessione dell\u2019utente (Identificativo sessione, ip address, dettagli del browser e<br>della lingua con cui si naviga il sito).<\/p>\n\n\n\n<p>Nome =&nbsp;DisplayCookieConsent<br>Tipo =&nbsp;Tecnico<br>Durata =&nbsp;1 anno<br>Dominio =&nbsp;questo dominio<br>Scopo &nbsp;= Memorizzare se all\u2019utente \u00e8 gi\u00e0 stato mostrato il pop up con l\u2019informativa breve della Policy<\/p>\n\n\n\n<p>Fatto salvo che sul Sito vengono usati solo Cookie Tecnici, il nome, la durata e lo scopo dei cookie di terzi pu\u00f2 cambiare nel tempo. Per garantire una maggiore trasparenza e comodit\u00e0 dell\u2019utente, si riportano qui di seguito gli indirizzi web delle diverse informative e delle modalit\u00e0 per la gestione dei cookie di Terze Parti in uso nel Sito:<br>1. Cookie Tecnici<br>a. Funzionali<br>i.Facebook<br>1.informativa:\u00a0<a rel=\"noreferrer noopener\" href=\"https:\/\/www.facebook.com\/help\/cookies\/\" target=\"_blank\">https:\/\/www.facebook.com\/help\/cookies\/<\/a><br>2.configurazione: accedere al proprio account. Sezione privacy<br>ii.Twitter<br>1.informativa:\u00a0<a rel=\"noreferrer noopener\" href=\"https:\/\/support.twitter.com\/articles\/20170514\" target=\"_blank\">https:\/\/support.twitter.com\/articles\/20170514<\/a><br>2.configurazione:\u00a0<a rel=\"noreferrer noopener\" href=\"https:\/\/twitter.com\/settings\/security\" target=\"_blank\">https:\/\/twitter.com\/settings\/security<\/a><br>iii.Linkedin<br>1.informativa:\u00a0<a rel=\"noreferrer noopener\" href=\"https:\/\/www.linkedin.com\/legal\/cookie-policy\" target=\"_blank\">https:\/\/www.linkedin.com\/legal\/cookie-policy<\/a><br>2.configurazione:\u00a0<a rel=\"noreferrer noopener\" href=\"https:\/\/www.linkedin.com\/settings\/\" target=\"_blank\">https:\/\/www.linkedin.com\/settings\/<\/a><br>iv.Google+<br>1.informativa:\u00a0<a rel=\"noreferrer noopener\" href=\"http:\/\/www.google.it\/intl\/it\/policies\/technologies\/cookies\/\" target=\"_blank\">http:\/\/www.google.it\/intl\/it\/policies\/technologies\/cookies\/<\/a><br>2.configurazione:\u00a0<a rel=\"noreferrer noopener\" href=\"http:\/\/www.google.it\/intl\/it\/policies\/technologies\/managing\/\" target=\"_blank\">http:\/\/www.google.it\/intl\/it\/policies\/technologies\/managing\/<\/a><br>v.Cloud Fare<br>1.informartiva:\u00a0<a rel=\"noreferrer noopener\" href=\"https:\/\/support.cloudflare.com\/hc\/en-us\/articles\/200170156-What-does-the-CloudFlare-cfduid-cookie-do-\" target=\"_blank\">https:\/\/support.cloudflare.com\/hc\/en-us\/articles\/200170156-What-does-the-CloudFlare-cfduid-cookie-do-<\/a><br>2.configurazione:\u00a0<a rel=\"noreferrer noopener\" href=\"https:\/\/support.cloudflare.com\/hc\/en-us\/articles\/200169506-Can-I-disable-CloudFlare-cookies-\" target=\"_blank\">https:\/\/support.cloudflare.com\/hc\/en-us\/articles\/200169506-Can-I-disable-CloudFlare-cookies-<\/a><br>b. Analitici<br>i.Google Analytics<br>1.informativa:\u00a0<a href=\"https:\/\/www.google.it\/policies\/privacy\/partners\/\">https:\/\/www.google.it\/policies\/privacy\/partners\/<\/a><br>2.configurazione:\u00a0<a href=\"https:\/\/tools.google.com\/dlpage\/gaoptout\">https:\/\/tools.google.com\/dlpage\/gaoptout<\/a><br><strong>Aggiornamento dell\u2019informativa<\/strong><br>Il Titolare manterr\u00e0 la presente informativa costantemente aggiornata. La sezione \u201cUltimo Aggiornamento\u201d in testa alla pagina indica la data in cui l\u2019informativa \u00e8 stata aggiornata.<\/p>\n","protected":false},"excerpt":{"rendered":"<p>Cookie Policy (Ultimo aggiornamento: 17 ottobre 2017) La presente &#8220;Cookie Policy&#8221; (la nostra politica relativa all\u2019uso di cookie) viene applicata su tutti i siti Internet, comprese le pagine su piattaforme di terze parti (ad esempio, Facebook o YouTube), e alle applicazioni a cui si fa accesso o che vengono utilizzate attraverso tali siti internet o piattaforme di terze parti che siano condotte da o per conto di ANTEO P.IVA 02344320227 &#8211; Piazza Manifattura, 1 38068 ROVERETO (TN) . COOKIES PRIVACY&hellip;<\/p>\n","protected":false},"author":1,"featured_media":0,"parent":0,"menu_order":0,"comment_status":"closed","ping_status":"closed","template":"","meta":[],"_links":{"self":[{"href":"https:\/\/sviluppo.anteo.to\/index.php\/wp-json\/wp\/v2\/pages\/3"}],"collection":[{"href":"https:\/\/sviluppo.anteo.to\/index.php\/wp-json\/wp\/v2\/pages"}],"about":[{"href":"https:\/\/sviluppo.anteo.to\/index.php\/wp-json\/wp\/v2\/types\/page"}],"author":[{"embeddable":true,"href":"https:\/\/sviluppo.anteo.to\/index.php\/wp-json\/wp\/v2\/users\/1"}],"replies":[{"embeddable":true,"href":"https:\/\/sviluppo.anteo.to\/index.php\/wp-json\/wp\/v2\/comments?post=3"}],"version-history":[{"count":4,"href":"https:\/\/sviluppo.anteo.to\/index.php\/wp-json\/wp\/v2\/pages\/3\/revisions"}],"predecessor-version":[{"id":3791,"href":"https:\/\/sviluppo.anteo.to\/index.php\/wp-json\/wp\/v2\/pages\/3\/revisions\/3791"}],"wp:attachment":[{"href":"https:\/\/sviluppo.anteo.to\/index.php\/wp-json\/wp\/v2\/media?parent=3"}],"curies":[{"name":"wp","href":"https:\/\/api.w.org\/{rel}","templated":true}]}}